{"id":26376,"date":"2023-01-13T13:57:26","date_gmt":"2023-01-13T11:57:26","guid":{"rendered":"https:\/\/garigasizaugsmesskola.lv\/?post_type=product&#038;p=26376"},"modified":"2024-08-02T12:56:00","modified_gmt":"2024-08-02T09:56:00","slug":"ko-dievs-sagatavojis-jaunajam-2023-gadam","status":"publish","type":"product","link":"https:\/\/garigasizaugsmesskola.lv\/ru\/resursi\/obuchenie\/ko-dievs-sagatavojis-jaunajam-2023-gadam\/","title":{"rendered":"K\u0101 sagatavojis jaunajam"},"content":{"rendered":"","protected":false},"excerpt":{"rendered":"<strong>4<\/strong> video dievkalpojumi\u00a0<strong>latvie\u0161u<\/strong>\u00a0un\u00a0<strong>krievu valod\u0101<\/strong>.\r\n\u0160\u0101j\u0101 dievkalpojumu s\u0113rij\u0101, M\u0101c\u012bt\u0101js Rufuss dod mums virzienu k\u0101 sagatavoties &#8211; jaunajam, ko Dievs v\u0113l\u0101s dar\u012bt jaunu, un k\u0101 mums tam gatavoties, lai m\u0113s to nepalaistu gar\u0101m.\r\n<strong>Sv\u0113tais gars deva 4 v\u0101rdus \u0161im gadam:<\/strong>\r\nDieva roka, K\u0101rtiba, Izaugsme, Papla\u0161in\u0101\u0161an\u0101s.\r\nPirmajos divos Dievkalpojumos m\u0113s p\u0113t\u012bj\u0101m, ko Dieva v\u0101rds saka par Dieva roku, vai p\u0101r katru ir Dieva, kas notiek to cilv\u0113ku dz\u012bv\u0113s p\u0101r kur\u0101m bija Dieva roka, kas notika ar vi\u0146iem.\r\nKop\u0113jais m\u0101c\u012bbu kursa garums: <strong>7 stundas 39 min\u016btes<\/strong>, dievkalpojumu s\u0113rija v\u0113l tiks papildin\u0101ta.\r\n\r\nPiek\u013c\u016bsti apm\u0101c\u012bb\u0101m par sev pieejamu ziedojumu.","protected":false},"featured_media":26371,"comment_status":"open","ping_status":"closed","template":"","meta":{"_kad_blocks_custom_css":"","_kad_blocks_head_custom_js":"","_kad_blocks_body_custom_js":"","_kad_blocks_footer_custom_js":"","_kad_post_transparent":"","_kad_post_title":"","_kad_post_layout":"","_kad_post_sidebar_id":"","_kad_post_content_style":"","_kad_post_vertical_padding":"","_kad_post_feature":"","_kad_post_feature_position":"","_kad_post_header":false,"_kad_post_footer":false,"_kad_post_classname":""},"product_brand":[],"product_cat":[28],"product_tag":[],"class_list":{"0":"post-26376","1":"product","2":"type-product","3":"status-publish","4":"has-post-thumbnail","6":"product_cat-apmacibas","8":"first","9":"instock","10":"virtual","11":"sold-individually","12":"purchasable","13":"product-type-simple","14":"entry","15":"content-bg","16":"loop-entry"},"taxonomy_info":{"product_cat":[{"value":28,"label":"Apm\u0101c\u012bbas"}]},"featured_image_src_large":["https:\/\/garigasizaugsmesskola.lv\/wp-content\/uploads\/2023\/01\/Vards-no-Dieva-2023.gadam_-1024x768.webp",1024,768,true],"author_info":[],"comment_info":0,"_links":{"self":[{"href":"https:\/\/garigasizaugsmesskola.lv\/ru\/wp-json\/wp\/v2\/product\/26376","targetHints":{"allow":["GET"]}}],"collection":[{"href":"https:\/\/garigasizaugsmesskola.lv\/ru\/wp-json\/wp\/v2\/product"}],"about":[{"href":"https:\/\/garigasizaugsmesskola.lv\/ru\/wp-json\/wp\/v2\/types\/product"}],"replies":[{"embeddable":true,"href":"https:\/\/garigasizaugsmesskola.lv\/ru\/wp-json\/wp\/v2\/comments?post=26376"}],"wp:featuredmedia":[{"embeddable":true,"href":"https:\/\/garigasizaugsmesskola.lv\/ru\/wp-json\/wp\/v2\/media\/26371"}],"wp:attachment":[{"href":"https:\/\/garigasizaugsmesskola.lv\/ru\/wp-json\/wp\/v2\/media?parent=26376"}],"wp:term":[{"taxonomy":"product_brand","embeddable":true,"href":"https:\/\/garigasizaugsmesskola.lv\/ru\/wp-json\/wp\/v2\/product_brand?post=26376"},{"taxonomy":"product_cat","embeddable":true,"href":"https:\/\/garigasizaugsmesskola.lv\/ru\/wp-json\/wp\/v2\/product_cat?post=26376"},{"taxonomy":"product_tag","embeddable":true,"href":"https:\/\/garigasizaugsmesskola.lv\/ru\/wp-json\/wp\/v2\/product_tag?post=26376"}],"curies":[{"name":"wp","href":"https:\/\/api.w.org\/{rel}","templated":true}]}}