{"id":26776,"date":"2024-08-27T22:59:12","date_gmt":"2024-08-27T19:59:12","guid":{"rendered":"https:\/\/garigasizaugsmesskola.lv\/?post_type=product&#038;p=26776"},"modified":"2024-08-27T23:07:42","modified_gmt":"2024-08-27T20:07:42","slug":"septinas-veseligas-jezus-macekla-pazimes","status":"publish","type":"product","link":"https:\/\/garigasizaugsmesskola.lv\/ru\/resursi\/obuchenie\/septinas-veseligas-jezus-macekla-pazimes\/","title":{"rendered":"Septi\u0146as Vesel\u012bgas J\u0113zus M\u0101cek\u013ca Paz\u012bmes"},"content":{"rendered":"","protected":false},"excerpt":{"rendered":"<p><strong>1 video un audio lekcija&nbsp;latvie\u0161u&nbsp;un&nbsp;krievu valod\u0101.<\/strong><br>\r\n    \u0160aj\u0101 apm\u0101c\u012bbu kurs\u0101 M\u0101c\u012bt\u0101js sniedz iedvesmojo\u0161u un praktisku vad\u012bbu par to, k\u0101 izdz\u012bvot savu m\u012blest\u012bbu uz Dievu caur paklaus\u012bbu Vi\u0146a pav\u0113l\u0113m. Tiks p\u0113t\u012bts, k\u0101 b\u016bt m\u0101caklim, kas ne tikai run\u0101 par tic\u012bbu, bet ar\u012b dz\u012bvo saska\u0146\u0101 ar Dieva gribu, k\u013c\u016bstot par paraugu citiem. \u0160aj\u0101 lekcij\u0101 J\u016bs uzzin\u0101siet, k\u0101 uztur\u0113t dz\u012bvu savien\u012bbu ar Kristu, augt kop\u0101 ar citiem tic\u012bgajiem un izplat\u012bt Dieva valst\u012bbu.<br>\r\n    <strong>Kop\u0113jais m\u0101c\u012bbu kursa garums: 57 min\u016btes.<\/strong><\/p>\r\n    <p>Piek\u013c\u016bsti apm\u0101c\u012bb\u0101m par sev pieejamu ziedojumu.<\/p>","protected":false},"featured_media":26763,"comment_status":"open","ping_status":"closed","template":"","meta":{"_kad_blocks_custom_css":"","_kad_blocks_head_custom_js":"","_kad_blocks_body_custom_js":"","_kad_blocks_footer_custom_js":"","_kad_post_transparent":"","_kad_post_title":"","_kad_post_layout":"","_kad_post_sidebar_id":"","_kad_post_content_style":"","_kad_post_vertical_padding":"","_kad_post_feature":"","_kad_post_feature_position":"","_kad_post_header":false,"_kad_post_footer":false,"_kad_post_classname":""},"product_brand":[],"product_cat":[28],"product_tag":[],"class_list":{"0":"post-26776","1":"product","2":"type-product","3":"status-publish","4":"has-post-thumbnail","6":"product_cat-apmacibas","8":"first","9":"instock","10":"virtual","11":"sold-individually","12":"purchasable","13":"product-type-course","14":"entry","15":"content-bg","16":"loop-entry"},"taxonomy_info":{"product_cat":[{"value":28,"label":"Apm\u0101c\u012bbas"}]},"featured_image_src_large":["https:\/\/garigasizaugsmesskola.lv\/wp-content\/uploads\/2024\/08\/Septinas-Veseligas-Jezus-Macekla-Pazimes.webp",1024,1024,false],"author_info":[],"comment_info":0,"_links":{"self":[{"href":"https:\/\/garigasizaugsmesskola.lv\/ru\/wp-json\/wp\/v2\/product\/26776","targetHints":{"allow":["GET"]}}],"collection":[{"href":"https:\/\/garigasizaugsmesskola.lv\/ru\/wp-json\/wp\/v2\/product"}],"about":[{"href":"https:\/\/garigasizaugsmesskola.lv\/ru\/wp-json\/wp\/v2\/types\/product"}],"replies":[{"embeddable":true,"href":"https:\/\/garigasizaugsmesskola.lv\/ru\/wp-json\/wp\/v2\/comments?post=26776"}],"wp:featuredmedia":[{"embeddable":true,"href":"https:\/\/garigasizaugsmesskola.lv\/ru\/wp-json\/wp\/v2\/media\/26763"}],"wp:attachment":[{"href":"https:\/\/garigasizaugsmesskola.lv\/ru\/wp-json\/wp\/v2\/media?parent=26776"}],"wp:term":[{"taxonomy":"product_brand","embeddable":true,"href":"https:\/\/garigasizaugsmesskola.lv\/ru\/wp-json\/wp\/v2\/product_brand?post=26776"},{"taxonomy":"product_cat","embeddable":true,"href":"https:\/\/garigasizaugsmesskola.lv\/ru\/wp-json\/wp\/v2\/product_cat?post=26776"},{"taxonomy":"product_tag","embeddable":true,"href":"https:\/\/garigasizaugsmesskola.lv\/ru\/wp-json\/wp\/v2\/product_tag?post=26776"}],"curies":[{"name":"wp","href":"https:\/\/api.w.org\/{rel}","templated":true}]}}