{"id":26903,"date":"2025-11-26T12:24:46","date_gmt":"2025-11-26T10:24:46","guid":{"rendered":"https:\/\/garigasizaugsmesskola.lv\/?post_type=product&#038;p=26903"},"modified":"2025-11-26T13:33:49","modified_gmt":"2025-11-26T11:33:49","slug":"ka-sanemt-un-saglabat-dziedinasanu-no-dieva","status":"publish","type":"product","link":"https:\/\/garigasizaugsmesskola.lv\/ru\/resursi\/knigi\/ka-sanemt-un-saglabat-dziedinasanu-no-dieva\/","title":{"rendered":"\u041a\u0430\u043a \u043f\u043e\u043b\u0443\u0447\u0438\u0442\u044c \u0438 \u0441\u043e\u0445\u0440\u0430\u043d\u0438\u0442\u044c \u0438\u0441\u0446\u0435\u043b\u0435\u043d\u0438\u0435 \u043e\u0442 \u0411\u043e\u0433\u0430?"},"content":{"rendered":"<style>.kb-row-layout-id26903_c2fb0c-ad > .kt-row-column-wrap{align-content:start;}:where(.kb-row-layout-id26903_c2fb0c-ad > .kt-row-column-wrap) > .wp-block-kadence-column{justify-content:start;}.kb-row-layout-id26903_c2fb0c-ad > .kt-row-column-wrap{column-gap:var(--global-kb-gap-md, 2rem);row-gap:var(--global-kb-gap-md, 2rem);max-width:70%;margin-left:auto;margin-right:auto;padding-top:var(--global-kb-spacing-sm, 1.5rem);padding-bottom:var(--global-kb-spacing-sm, 1.5rem);grid-template-columns:minmax(0, 1fr);}.kb-row-layout-id26903_c2fb0c-ad > .kt-row-layout-overlay{opacity:0.30;}@media all and (max-width: 1024px){.kb-row-layout-id26903_c2fb0c-ad > .kt-row-column-wrap{grid-template-columns:minmax(0, 1fr);}}@media all and (max-width: 767px){.kb-row-layout-id26903_c2fb0c-ad > .kt-row-column-wrap{padding-right:1px;padding-left:1px;grid-template-columns:minmax(0, 1fr);}}<\/style><div class=\"kb-row-layout-wrap kb-row-layout-id26903_c2fb0c-ad alignnone wp-block-kadence-rowlayout\"><div class=\"kt-row-column-wrap kt-has-1-columns kt-row-layout-equal kt-tab-layout-inherit kt-mobile-layout-row kt-row-valign-top\">\n<style>.kadence-column26903_1ac25d-74 > .kt-inside-inner-col,.kadence-column26903_1ac25d-74 > .kt-inside-inner-col:before{border-top-left-radius:0px;border-top-right-radius:0px;border-bottom-right-radius:0px;border-bottom-left-radius:0px;}.kadence-column26903_1ac25d-74 > .kt-inside-inner-col{column-gap:var(--global-kb-gap-sm, 1rem);}.kadence-column26903_1ac25d-74 > .kt-inside-inner-col{flex-direction:column;}.kadence-column26903_1ac25d-74 > .kt-inside-inner-col > .aligncenter{width:100%;}.kadence-column26903_1ac25d-74 > .kt-inside-inner-col:before{opacity:0.3;}.kadence-column26903_1ac25d-74{position:relative;}@media all and (max-width: 1024px){.kadence-column26903_1ac25d-74 > .kt-inside-inner-col{flex-direction:column;justify-content:center;}}@media all and (max-width: 767px){.kadence-column26903_1ac25d-74 > .kt-inside-inner-col{flex-direction:column;justify-content:center;}}<\/style>\n<div class=\"wp-block-kadence-column kadence-column26903_1ac25d-74 inner-column-1\"><div class=\"kt-inside-inner-col\">\n<h2 class=\"wp-block-heading\">\u041e\u0442\u043a\u0440\u043e\u0439\u0442\u0435 \u041f\u0443\u0442\u044c \u043a \u0411\u043e\u0436\u0435\u0441\u0442\u0432\u0435\u043d\u043d\u043e\u043c\u0443 \u0418\u0441\u0446\u0435\u043b\u0435\u043d\u0438\u044e \u0438 \u041f\u043e\u0441\u0442\u043e\u044f\u043d\u043d\u043e\u043c\u0443 \u0417\u0434\u043e\u0440\u043e\u0432\u044c\u044e<\/h2>\n\n\n\n<p>\u0423\u0441\u0442\u0430\u043b\u0438 \u043b\u0438 \u0432\u044b \u043e\u0442 \u0431\u043e\u0440\u044c\u0431\u044b \u0441 \u0431\u043e\u043b\u0435\u0437\u043d\u044f\u043c\u0438, \u0431\u043e\u043b\u044c\u044e \u0438 \u0431\u0435\u0437\u043d\u0430\u0434\u0435\u0436\u043d\u043e\u0441\u0442\u044c\u044e? \u0416\u0430\u0436\u0434\u0435\u0442\u0435 \u043b\u0438 \u0432\u044b \u0438\u0441\u043f\u044b\u0442\u0430\u0442\u044c \u0442\u0443 \u0436\u0438\u0437\u043d\u044c \u0441 \u0438\u0437\u0431\u044b\u0442\u043a\u043e\u043c, \u043a\u043e\u0442\u043e\u0440\u0443\u044e \u0411\u043e\u0433 \u043e\u0431\u0435\u0449\u0430\u043b \u0421\u0432\u043e\u0438\u043c \u0434\u0435\u0442\u044f\u043c? \u0410\u0432\u0442\u043e\u0440 \u0420\u0443\u0444\u0443\u0441 \u0424. \u0410\u0434\u0436\u0438\u0431\u043e\u0439\u0435 \u0432 \u0441\u0432\u043e\u0435\u0439 \u043a\u043d\u0438\u0433\u0435 <strong>&#8220;\u041a\u0430\u043a \u043f\u043e\u043b\u0443\u0447\u0438\u0442\u044c \u0438 \u0441\u043e\u0445\u0440\u0430\u043d\u0438\u0442\u044c \u0438\u0441\u0446\u0435\u043b\u0435\u043d\u0438\u0435 \u043e\u0442 \u0411\u043e\u0433\u0430?&#8221;<\/strong> \u0434\u0430\u0435\u0442 \u0433\u043b\u0443\u0431\u043e\u043a\u043e\u0435 \u0438 \u043f\u0440\u0430\u043a\u0442\u0438\u0447\u0435\u0441\u043a\u043e\u0435 \u043f\u043e\u043d\u0438\u043c\u0430\u043d\u0438\u0435 \u0421\u043b\u043e\u0432\u0430 \u0411\u043e\u0436\u044c\u0435\u0433\u043e, \u0440\u0430\u0441\u043a\u0440\u044b\u0432\u0430\u044f, \u0447\u0442\u043e \u0438\u0441\u0446\u0435\u043b\u0435\u043d\u0438\u0435 \u2014 \u044d\u0442\u043e \u043d\u0435 \u0434\u0440\u0435\u0432\u043d\u044f\u044f \u0440\u0435\u043b\u0438\u043a\u0432\u0438\u044f \u043f\u0440\u043e\u0448\u043b\u043e\u0433\u043e, \u0430 \u0434\u043e\u0441\u0442\u0443\u043f\u043d\u0430\u044f \u0440\u0435\u0430\u043b\u044c\u043d\u043e\u0441\u0442\u044c \u0434\u043b\u044f \u043a\u0430\u0436\u0434\u043e\u0433\u043e \u0432\u0435\u0440\u0443\u044e\u0449\u0435\u0433\u043e \u0441\u0435\u0433\u043e\u0434\u043d\u044f.<\/p>\n\n\n\n<p>\u042d\u0442\u0430 \u043a\u043d\u0438\u0433\u0430 \u2014 \u043d\u0435 \u043f\u0440\u043e\u0441\u0442\u043e \u0442\u0435\u043e\u0440\u0435\u0442\u0438\u0447\u0435\u0441\u043a\u0438\u0439 \u043e\u0431\u0437\u043e\u0440. \u042d\u0442\u043e \u0434\u0443\u0445\u043e\u0432\u043d\u044b\u0439 \u043f\u0443\u0442\u0435\u0432\u043e\u0434\u0438\u0442\u0435\u043b\u044c, \u043a\u043e\u0442\u043e\u0440\u044b\u0439 \u0448\u0430\u0433 \u0437\u0430 \u0448\u0430\u0433\u043e\u043c \u0432\u0435\u0434\u0435\u0442 \u0432\u0430\u0441 \u043a \u043f\u043e\u0431\u0435\u0434\u0435 \u043d\u0430\u0434 \u0431\u043e\u043b\u0435\u0437\u043d\u044c\u044e, \u043e\u0441\u043d\u043e\u0432\u044b\u0432\u0430\u044f\u0441\u044c \u043d\u0430 \u043d\u0435\u0438\u0437\u043c\u0435\u043d\u043d\u043e\u0439 \u0438\u0441\u0442\u0438\u043d\u0435 \u0421\u043b\u043e\u0432\u0430 \u0411\u043e\u0436\u044c\u0435\u0433\u043e. \u0412\u044b \u0443\u0437\u043d\u0430\u0435\u0442\u0435, \u043f\u043e\u0447\u0435\u043c\u0443 \u0431\u043e\u043b\u0435\u0437\u043d\u044c \u043d\u0435 \u044f\u0432\u043b\u044f\u0435\u0442\u0441\u044f \u0447\u0430\u0441\u0442\u044c\u044e \u0411\u043e\u0436\u044c\u0435\u0433\u043e \u043f\u043b\u0430\u043d\u0430 \u0434\u043b\u044f \u0432\u0430\u0448\u0435\u0439 \u0436\u0438\u0437\u043d\u0438 \u0438 \u043a\u0430\u043a \u0436\u0435\u0440\u0442\u0432\u0430 \u0418\u0438\u0441\u0443\u0441\u0430 \u0425\u0440\u0438\u0441\u0442\u0430 \u0443\u0436\u0435 \u043f\u043e\u043b\u043d\u043e\u0441\u0442\u044c\u044e \u0437\u0430\u043f\u043b\u0430\u0442\u0438\u043b\u0430 \u0437\u0430 \u0432\u0430\u0448\u0435 \u0438\u0441\u0446\u0435\u043b\u0435\u043d\u0438\u0435.<\/p>\n\n\n\n<blockquote class=\"wp-block-quote is-layout-flow wp-block-quote-is-layout-flow\">\n<p><em><strong>&#8220;\u041e\u043d \u0432\u043e\u0437\u043d\u0435\u0441 \u043d\u0430\u0448\u0438 \u0433\u0440\u0435\u0445\u0438 \u0432 \u0421\u0432\u043e\u0435\u043c \u0442\u0435\u043b\u0435 \u043d\u0430 \u043a\u0440\u0435\u0441\u0442, \u0447\u0442\u043e\u0431\u044b \u043c\u044b, \u0443\u043c\u0435\u0440\u0435\u0432 \u0434\u043b\u044f \u0433\u0440\u0435\u0445\u043e\u0432, \u0436\u0438\u043b\u0438 \u0434\u043b\u044f \u043f\u0440\u0430\u0432\u0435\u0434\u043d\u043e\u0441\u0442\u0438; \u0415\u0433\u043e \u0440\u0430\u043d\u0430\u043c\u0438 \u0432\u044b \u0438\u0441\u0446\u0435\u043b\u0438\u043b\u0438\u0441\u044c.&#8221;<\/strong><\/em><\/p>\n\n\n\n<p><em>\u2014 1 \u041f\u0435\u0442\u0440\u0430 2:24<\/em><\/p>\n<\/blockquote>\n\n\n\n<h3 class=\"wp-block-heading\">\u0412 \u044d\u0442\u043e\u0439 \u043a\u043d\u0438\u0433\u0435 \u0432\u044b \u043e\u0442\u043a\u0440\u043e\u0435\u0442\u0435 \u0434\u043b\u044f \u0441\u0435\u0431\u044f:<\/h3>\n\n\n\n<ul class=\"wp-block-list\">\n<li><strong>\u041a\u0430\u043a\u043e\u0432\u0430 \u0438\u0441\u0442\u0438\u043d\u043d\u0430\u044f \u043f\u0440\u0438\u0447\u0438\u043d\u0430 \u0431\u043e\u043b\u0435\u0437\u043d\u0435\u0439:<\/strong> \u041f\u043e\u0439\u043c\u0438\u0442\u0435 \u0434\u0443\u0445\u043e\u0432\u043d\u044b\u0435 \u043f\u0440\u0438\u043d\u0446\u0438\u043f\u044b, \u0441\u0442\u043e\u044f\u0449\u0438\u0435 \u0437\u0430 \u0431\u043e\u043b\u0435\u0437\u043d\u044f\u043c\u0438, \u0438 \u043f\u043e\u0447\u0435\u043c\u0443 \u0411\u043e\u0433 \u043d\u0435 \u044f\u0432\u043b\u044f\u0435\u0442\u0441\u044f \u0438\u0445 \u0430\u0432\u0442\u043e\u0440\u043e\u043c.<\/li>\n\n\n\n<li><strong>\u0411\u043e\u0436\u044c\u0435 \u043e\u0431\u0435\u0441\u043f\u0435\u0447\u0435\u043d\u0438\u0435 \u0434\u043b\u044f \u0432\u0430\u0448\u0435\u0433\u043e \u0437\u0434\u043e\u0440\u043e\u0432\u044c\u044f:<\/strong> \u041e\u0442\u043a\u0440\u043e\u0439\u0442\u0435 \u0434\u043b\u044f \u0441\u0435\u0431\u044f, \u043a\u0430\u043a \u0418\u0438\u0441\u0443\u0441 \u043d\u0430 \u043a\u0440\u0435\u0441\u0442\u0435 \u0432\u0437\u044f\u043b \u043d\u0430 \u0421\u0435\u0431\u044f \u043d\u0435 \u0442\u043e\u043b\u044c\u043a\u043e \u043d\u0430\u0448\u0438 \u0433\u0440\u0435\u0445\u0438, \u043d\u043e \u0438 \u0432\u0441\u0435 \u043d\u0430\u0448\u0438 \u0431\u043e\u043b\u0435\u0437\u043d\u0438 \u0438 \u043d\u0435\u0434\u0443\u0433\u0438.<\/li>\n\n\n\n<li><strong>\u0420\u0430\u0437\u043d\u0438\u0446\u0443 \u043c\u0435\u0436\u0434\u0443 \u043d\u0430\u0434\u0435\u0436\u0434\u043e\u0439 \u0438 \u0432\u0435\u0440\u043e\u0439:<\/strong> \u041d\u0430\u0443\u0447\u0438\u0442\u0435\u0441\u044c \u043f\u0435\u0440\u0435\u0445\u043e\u0434\u0438\u0442\u044c \u043e\u0442 \u043f\u0430\u0441\u0441\u0438\u0432\u043d\u043e\u0439 \u043d\u0430\u0434\u0435\u0436\u0434\u044b \u043a \u0430\u043a\u0442\u0438\u0432\u043d\u043e\u0439 \u0432\u0435\u0440\u0435, \u043a\u043e\u0442\u043e\u0440\u0430\u044f \u0432\u044b\u0441\u0432\u043e\u0431\u043e\u0436\u0434\u0430\u0435\u0442 \u0441\u0438\u043b\u0443 \u0411\u043e\u0436\u044c\u044e.<\/li>\n\n\n\n<li><strong>\u041f\u0440\u0430\u043a\u0442\u0438\u0447\u0435\u0441\u043a\u0438\u0435 \u0448\u0430\u0433\u0438 \u0434\u043b\u044f \u043f\u043e\u043b\u0443\u0447\u0435\u043d\u0438\u044f \u0438\u0441\u0446\u0435\u043b\u0435\u043d\u0438\u044f:<\/strong> \u0423\u0437\u043d\u0430\u0439\u0442\u0435, \u043a\u0430\u043a \u0438\u0441\u043f\u043e\u0432\u0435\u0434\u043e\u0432\u0430\u0442\u044c \u043e\u0431\u0435\u0442\u043e\u0432\u0430\u043d\u0438\u044f \u0411\u043e\u0436\u044c\u0438, \u043c\u043e\u043b\u0438\u0442\u044c\u0441\u044f \u0441 \u0443\u0432\u0435\u0440\u0435\u043d\u043d\u043e\u0441\u0442\u044c\u044e \u0438 \u043f\u0440\u043e\u0442\u0438\u0432\u043e\u0441\u0442\u043e\u044f\u0442\u044c \u0441\u0438\u043c\u043f\u0442\u043e\u043c\u0430\u043c.<\/li>\n\n\n\n<li><strong>\u041a\u0430\u043a \u0441\u043e\u0445\u0440\u0430\u043d\u0438\u0442\u044c \u043f\u043e\u043b\u0443\u0447\u0435\u043d\u043d\u043e\u0435 \u0438\u0441\u0446\u0435\u043b\u0435\u043d\u0438\u0435:<\/strong> \u041f\u043e\u043b\u0443\u0447\u0435\u043d\u0438\u0435 \u0438\u0441\u0446\u0435\u043b\u0435\u043d\u0438\u044f \u2014 \u044d\u0442\u043e \u0442\u043e\u043b\u044c\u043a\u043e \u043d\u0430\u0447\u0430\u043b\u043e. \u041a\u043d\u0438\u0433\u0430 \u0443\u0447\u0438\u0442, \u043a\u0430\u043a \u0436\u0438\u0442\u044c \u0442\u0430\u043a, \u0447\u0442\u043e\u0431\u044b \u0431\u043e\u043b\u0435\u0437\u043d\u044c \u043d\u0435 \u0432\u0435\u0440\u043d\u0443\u043b\u0430\u0441\u044c.<\/li>\n\n\n\n<li><strong>\u0412\u0434\u043e\u0445\u043d\u043e\u0432\u043b\u044f\u044e\u0449\u0438\u0435 \u0441\u0432\u0438\u0434\u0435\u0442\u0435\u043b\u044c\u0441\u0442\u0432\u0430:<\/strong> \u041f\u0440\u043e\u0447\u0438\u0442\u0430\u0439\u0442\u0435 \u043f\u0440\u0430\u0432\u0434\u0438\u0432\u044b\u0435 \u0438\u0441\u0442\u043e\u0440\u0438\u0438 \u043e \u043b\u044e\u0434\u044f\u0445, \u043a\u043e\u0442\u043e\u0440\u044b\u0435 \u0432 \u043d\u0430\u0448\u0438 \u0434\u043d\u0438 \u043f\u0435\u0440\u0435\u0436\u0438\u043b\u0438 \u0447\u0443\u0434\u0435\u0441\u043d\u043e\u0435 \u0438\u0441\u0446\u0435\u043b\u0435\u043d\u0438\u0435 \u043e\u0442 \u0431\u0435\u0441\u043f\u043b\u043e\u0434\u0438\u044f, \u0431\u043e\u043b\u0435\u0437\u043d\u0435\u0439 \u0438 \u0434\u0440\u0443\u0433\u0438\u0445 \u043d\u0435\u0434\u0443\u0433\u043e\u0432.<\/li>\n<\/ul>\n\n\n\n<h3 class=\"wp-block-heading\">\u0414\u043b\u044f \u043a\u043e\u0433\u043e \u044d\u0442\u0430 \u043a\u043d\u0438\u0433\u0430?<\/h3>\n\n\n\n<p>\u042d\u0442\u0430 \u043a\u043d\u0438\u0433\u0430 \u2014 \u043d\u0435\u0437\u0430\u043c\u0435\u043d\u0438\u043c\u044b\u0439 \u0440\u0435\u0441\u0443\u0440\u0441 \u0434\u043b\u044f \u043a\u0430\u0436\u0434\u043e\u0433\u043e, \u043a\u0442\u043e:<\/p>\n\n\n\n<ul class=\"wp-block-list\">\n<li>\u0411\u043e\u0440\u0435\u0442\u0441\u044f \u0441 \u0445\u0440\u043e\u043d\u0438\u0447\u0435\u0441\u043a\u043e\u0439 \u0438\u043b\u0438 \u043e\u0441\u0442\u0440\u043e\u0439 \u0431\u043e\u043b\u0435\u0437\u043d\u044c\u044e.<\/li>\n\n\n\n<li>\u0425\u043e\u0447\u0435\u0442 \u043f\u043e\u043c\u043e\u0447\u044c \u0441\u0432\u043e\u0438\u043c \u0431\u043b\u0438\u0437\u043a\u0438\u043c \u043f\u043e\u043b\u0443\u0447\u0438\u0442\u044c \u0438\u0441\u0446\u0435\u043b\u0435\u043d\u0438\u0435.<\/li>\n\n\n\n<li>\u0418\u0449\u0435\u0442 \u0431\u043e\u043b\u0435\u0435 \u0433\u043b\u0443\u0431\u043e\u043a\u043e\u0435 \u043f\u043e\u043d\u0438\u043c\u0430\u043d\u0438\u0435 \u0432\u043e\u043b\u0438 \u0411\u043e\u0436\u044c\u0435\u0439 \u043e\u0442\u043d\u043e\u0441\u0438\u0442\u0435\u043b\u044c\u043d\u043e \u0437\u0434\u043e\u0440\u043e\u0432\u044c\u044f.<\/li>\n\n\n\n<li>\u0421\u043b\u0443\u0436\u0438\u0442 \u0432 \u043c\u043e\u043b\u0438\u0442\u0432\u0435 \u0437\u0430 \u0431\u043e\u043b\u044c\u043d\u044b\u0445 \u0438 \u0445\u043e\u0447\u0435\u0442 \u0432\u0438\u0434\u0435\u0442\u044c \u0431\u043e\u043b\u044c\u0448\u0435 \u0440\u0435\u0437\u0443\u043b\u044c\u0442\u0430\u0442\u043e\u0432.<\/li>\n\n\n\n<li>\u0425\u043e\u0447\u0435\u0442 \u0443\u043a\u0440\u0435\u043f\u0438\u0442\u044c \u0441\u0432\u043e\u044e \u0432\u0435\u0440\u0443 \u0438 \u043f\u0435\u0440\u0435\u0436\u0438\u0442\u044c \u0447\u0443\u0434\u0435\u0441\u0430 \u0411\u043e\u0436\u044c\u0438 \u0432 \u0441\u0432\u043e\u0435\u0439 \u043f\u043e\u0432\u0441\u0435\u0434\u043d\u0435\u0432\u043d\u043e\u0439 \u0436\u0438\u0437\u043d\u0438.<\/li>\n<\/ul>\n\n\n\n<p><strong>&#8220;\u0411\u043e\u0433 \u043b\u044e\u0431\u0438\u0442 \u0432\u0430\u0441, \u0438 \u041e\u043d \u0445\u043e\u0447\u0435\u0442, \u0447\u0442\u043e\u0431\u044b \u0432\u044b \u044f\u0432\u043d\u044b\u043c \u043e\u0431\u0440\u0430\u0437\u043e\u043c \u043f\u0435\u0440\u0435\u0436\u0438\u043b\u0438 \u0415\u0433\u043e \u043b\u044e\u0431\u043e\u0432\u044c.&#8221;<\/strong><\/p>\n\n\n\n<p>\u041d\u0435 \u043f\u043e\u0437\u0432\u043e\u043b\u044f\u0439\u0442\u0435 \u0431\u043e\u043b\u0435\u0437\u043d\u0438 \u0434\u0438\u043a\u0442\u043e\u0432\u0430\u0442\u044c \u043a\u0430\u0447\u0435\u0441\u0442\u0432\u043e \u0432\u0430\u0448\u0435\u0439 \u0436\u0438\u0437\u043d\u0438. \u0412\u043e\u0437\u044c\u043c\u0438\u0442\u0435 \u0432 \u0441\u0432\u043e\u0438 \u0440\u0443\u043a\u0438 \u044d\u0442\u043e\u0442 \u043c\u043e\u0449\u043d\u044b\u0439 \u0438\u043d\u0441\u0442\u0440\u0443\u043c\u0435\u043d\u0442 \u0438 \u043d\u0430\u0447\u043d\u0438\u0442\u0435 \u043f\u0443\u0442\u044c \u043a \u043f\u043e\u043b\u043d\u043e\u043c\u0443 \u0432\u043e\u0441\u0441\u0442\u0430\u043d\u043e\u0432\u043b\u0435\u043d\u0438\u044e \u0432 \u0434\u0443\u0445\u0435, \u0434\u0443\u0448\u0435 \u0438 \u0442\u0435\u043b\u0435. \u0417\u0430\u043a\u0430\u0436\u0438\u0442\u0435 \u0441\u0432\u043e\u0439 \u044d\u043a\u0437\u0435\u043c\u043f\u043b\u044f\u0440 \u043a\u043d\u0438\u0433\u0438 \u0443\u0436\u0435 \u0441\u0435\u0433\u043e\u0434\u043d\u044f!<\/p>\n<\/div><\/div>\n\n<\/div><\/div>\n\n\n<p><\/p>\n","protected":false},"excerpt":{"rendered":"<p>\u0412\u044b \u0438\u043b\u0438 \u0432\u0430\u0448\u0438 \u0431\u043b\u0438\u0437\u043a\u0438\u0435 \u0431\u043e\u0440\u044e\u0442\u0441\u044f \u0441 \u0431\u043e\u043b\u0435\u0437\u043d\u044c\u044e? \u0418\u0449\u0435\u0442\u0435 \u043d\u0430\u0434\u0435\u0436\u0434\u0443 \u0438 \u043f\u0440\u0430\u043a\u0442\u0438\u0447\u0435\u0441\u043a\u043e\u0435 \u0440\u0443\u043a\u043e\u0432\u043e\u0434\u0441\u0442\u0432\u043e, \u043a\u0430\u043a \u043f\u0435\u0440\u0435\u0436\u0438\u0442\u044c \u0438\u0441\u0446\u0435\u043b\u044f\u044e\u0449\u0443\u044e \u0441\u0438\u043b\u0443 \u0411\u043e\u0433\u0430 \u0432 \u0441\u0432\u043e\u0435\u0439 \u0436\u0438\u0437\u043d\u0438? \u042d\u0442\u0430 \u043a\u043d\u0438\u0433\u0430, <strong>&#8220;\u041a\u0430\u043a \u043f\u043e\u043b\u0443\u0447\u0438\u0442\u044c \u0438 \u0441\u043e\u0445\u0440\u0430\u043d\u0438\u0442\u044c \u0438\u0441\u0446\u0435\u043b\u0435\u043d\u0438\u0435 \u043e\u0442 \u0411\u043e\u0433\u0430?&#8221;<\/strong>, \u0440\u0430\u0441\u043a\u0440\u044b\u0432\u0430\u0435\u0442 \u0431\u0438\u0431\u043b\u0435\u0439\u0441\u043a\u0438\u0435 \u043f\u0440\u0438\u043d\u0446\u0438\u043f\u044b, \u043a\u043e\u0442\u043e\u0440\u044b\u0435 \u043f\u043e\u043c\u043e\u0433\u0443\u0442 \u0432\u0430\u043c \u043d\u0435 \u0442\u043e\u043b\u044c\u043a\u043e \u043f\u043e\u043b\u0443\u0447\u0438\u0442\u044c \u0431\u043e\u0436\u0435\u0441\u0442\u0432\u0435\u043d\u043d\u043e\u0435 \u0438\u0441\u0446\u0435\u043b\u0435\u043d\u0438\u0435, \u043d\u043e \u0438 \u0436\u0438\u0442\u044c \u0432 \u043f\u043e\u0441\u0442\u043e\u044f\u043d\u043d\u043e\u043c \u0437\u0434\u043e\u0440\u043e\u0432\u044c\u0435. \u041e\u0442\u043a\u0440\u043e\u0439\u0442\u0435 \u0434\u043b\u044f \u0441\u0435\u0431\u044f, \u043f\u043e\u0447\u0435\u043c\u0443 \u0431\u043e\u043b\u0435\u0437\u043d\u044c \u043d\u0435 \u044f\u0432\u043b\u044f\u0435\u0442\u0441\u044f \u0432\u043e\u043b\u0435\u0439 \u0411\u043e\u0433\u0430 \u0438 \u043a\u0430\u043a \u0436\u0435\u0440\u0442\u0432\u0430 \u0418\u0438\u0441\u0443\u0441\u0430 \u0443\u0436\u0435 \u043e\u0431\u0435\u0441\u043f\u0435\u0447\u0438\u043b\u0430 \u0432\u0430\u0448\u0443 \u043f\u043e\u0431\u0435\u0434\u0443 \u043d\u0430\u0434 \u0431\u043e\u043b\u0435\u0437\u043d\u044c\u044e.<\/p>","protected":false},"featured_media":26895,"comment_status":"closed","ping_status":"closed","template":"","meta":{"_kad_blocks_custom_css":"","_kad_blocks_head_custom_js":"","_kad_blocks_body_custom_js":"","_kad_blocks_footer_custom_js":"","_kad_post_transparent":"","_kad_post_title":"","_kad_post_layout":"","_kad_post_sidebar_id":"","_kad_post_content_style":"","_kad_post_vertical_padding":"","_kad_post_feature":"","_kad_post_feature_position":"","_kad_post_header":false,"_kad_post_footer":false,"_kad_post_classname":""},"product_brand":[],"product_cat":[69],"product_tag":[113,81],"class_list":{"0":"post-26903","1":"product","2":"type-product","3":"status-publish","4":"has-post-thumbnail","6":"product_cat-knigi","7":"product_tag-ka-sanemt-un-saglabat-dziedinasanu-no-dieva","8":"product_tag-rufus-f-adzhiboje","10":"first","11":"instock","12":"sold-individually","13":"shipping-taxable","14":"purchasable","15":"product-type-variable","16":"has-default-attributes","17":"entry","18":"content-bg","19":"loop-entry"},"taxonomy_info":{"product_cat":[{"value":69,"label":"\u041a\u043d\u0438\u0433\u0438"}],"product_tag":[{"value":113,"label":"K\u0101 sa\u0146emt un saglab\u0101t dziedin\u0101\u0161anu no Dieva?"},{"value":81,"label":"\u0420\u0443\u0444\u0443\u0441 \u0424. \u0410\u0434\u0436\u0438\u0431\u043e\u0439\u0435"}]},"featured_image_src_large":["https:\/\/garigasizaugsmesskola.lv\/wp-content\/uploads\/2025\/11\/\u041aa-sanemt-un-saglabat-dziedinasanu-no-Dieva-1024x683.jpg",1024,683,true],"author_info":[],"comment_info":0,"_links":{"self":[{"href":"https:\/\/garigasizaugsmesskola.lv\/ru\/wp-json\/wp\/v2\/product\/26903","targetHints":{"allow":["GET"]}}],"collection":[{"href":"https:\/\/garigasizaugsmesskola.lv\/ru\/wp-json\/wp\/v2\/product"}],"about":[{"href":"https:\/\/garigasizaugsmesskola.lv\/ru\/wp-json\/wp\/v2\/types\/product"}],"replies":[{"embeddable":true,"href":"https:\/\/garigasizaugsmesskola.lv\/ru\/wp-json\/wp\/v2\/comments?post=26903"}],"wp:featuredmedia":[{"embeddable":true,"href":"https:\/\/garigasizaugsmesskola.lv\/ru\/wp-json\/wp\/v2\/media\/26895"}],"wp:attachment":[{"href":"https:\/\/garigasizaugsmesskola.lv\/ru\/wp-json\/wp\/v2\/media?parent=26903"}],"wp:term":[{"taxonomy":"product_brand","embeddable":true,"href":"https:\/\/garigasizaugsmesskola.lv\/ru\/wp-json\/wp\/v2\/product_brand?post=26903"},{"taxonomy":"product_cat","embeddable":true,"href":"https:\/\/garigasizaugsmesskola.lv\/ru\/wp-json\/wp\/v2\/product_cat?post=26903"},{"taxonomy":"product_tag","embeddable":true,"href":"https:\/\/garigasizaugsmesskola.lv\/ru\/wp-json\/wp\/v2\/product_tag?post=26903"}],"curies":[{"name":"wp","href":"https:\/\/api.w.org\/{rel}","templated":true}]}}